{"id":444,"date":"2015-04-23T16:10:50","date_gmt":"2015-04-23T14:10:50","guid":{"rendered":"http:\/\/www.hagyomanyokhegye.hu\/?page_id=444"},"modified":"2015-11-02T18:17:27","modified_gmt":"2015-11-02T17:17:27","slug":"blog","status":"publish","type":"page","link":"https:\/\/www.hagyomanyokhegye.hu\/?page_id=444","title":{"rendered":"Blog"},"content":{"rendered":"<h2 style=\"text-align: center;\">Blog<\/h2>\n<p>&nbsp;<\/p>\n<h2><a title=\"Az \u00d6reghegy t\u00f6rt\u00e9nete\" href=\"http:\/\/www.hagyomanyokhegye.hu\/?p=515\">Az \u00d6reghegy t\u00f6rt\u00e9nete<\/a><\/h2>\n<p>&nbsp;<\/p>\n<p><strong>P\u00e1pa hat\u00e1r\u00e1r\u00e1ban k\u00fcl\u00f6n, a 17. sz\u00e1zad elej\u00e9t\u0151l \u00f6n\u00e1ll\u00f3 hegyk\u00f6zs\u00e9gi artikulusokkal szab\u00e1lyozott \u00e9letet \u00e9ltek a sz\u0151l\u0151hegyek. A Tapolca foly\u00f3 \u00e9s a J\u00e1ri patak k\u00f6z\u00f6tt fekv\u0151 Kishegy vagy Kishanta, m\u00f6g\u00f6tte az \u00d6reghegy vagy Nagyhanta alig 182 illetve 164 m\u00e9terrel emelkednek a tengerszint f\u00f6l\u00e9, \u00e1m k\u00f6zvetlen k\u00f6rnyezet\u00fckb\u0151l csak 10-30 m\u00e9terrel magasodnak ki. A k\u00f6zel\u00fckben lev\u0151&#8230;.<\/strong><\/p>\n<p><a href=\"http:\/\/www.hagyomanyokhegye.hu\/?p=515\">Tov\u00e1bb&#8230;<\/a><\/p>\n<p><a href=\"http:\/\/www.hagyomanyokhegye.hu\/wp-content\/uploads\/2015\/02\/fekete21.jpg\"><img decoding=\"async\" loading=\"lazy\" class=\"aligncenter size-full wp-image-250\" src=\"http:\/\/www.hagyomanyokhegye.hu\/wp-content\/uploads\/2015\/02\/fekete21.jpg\" alt=\"fekete2\" width=\"590\" height=\"18\" srcset=\"https:\/\/www.hagyomanyokhegye.hu\/wp-content\/uploads\/2015\/02\/fekete21.jpg 590w, https:\/\/www.hagyomanyokhegye.hu\/wp-content\/uploads\/2015\/02\/fekete21-300x9.jpg 300w\" sizes=\"(max-width: 590px) 100vw, 590px\" \/><\/a><\/p>\n<h2 style=\"text-align: center;\"><\/h2>\n<h2><a title=\"Avar \u00e9s \u00c1rp\u00e1d-kori leletek ker\u00fcltek napvil\u00e1gra Tiszap\u00fcsp\u00f6ki hat\u00e1r\u00e1ban\" href=\"http:\/\/www.hagyomanyokhegye.hu\/?p=425\">Avar \u00e9s \u00c1rp\u00e1d-kori leletek ker\u00fcltek napvil\u00e1gra Tiszap\u00fcsp\u00f6ki hat\u00e1r\u00e1ban<\/a><\/h2>\n<p><strong>M\u00falt h\u00f3nap v\u00e9g\u00e9n Tiszap\u00fcsp\u00f6ki hat\u00e1r\u00e1ban avar kori s\u00edrokra \u00e9s \u00c1rp\u00e1d-kori telep\u00fcl\u00e9s maradv\u00e1nyaira bukkantak a r\u00e9g\u00e9szek. Az avar s\u00edrok mellett elter\u00fcl\u0151 telep\u00fcl\u00e9s fekv\u00e9se miatt ism\u00e9t arra k\u00f6vetkeztethet\u00fcnk, hogy a K\u00e1rp\u00e1t-medencei avarok meg\u00e9lhett\u00e9k a honfoglal\u00e1st. A r\u00e9g\u00e9szeti felt\u00e1r\u00e1s m\u00e9g tart, az csontmaradv\u00e1nyokat a Magyar Term\u00e9szettudom\u00e1nyi m\u00fazeum antropol\u00f3gusai fogj\u00e1k megvizsg\u00e1lni.<\/strong><\/p>\n<p><a title=\"Avar \u00e9s \u00c1rp\u00e1d-kori leletek ker\u00fcltek napvil\u00e1gra Tiszap\u00fcsp\u00f6ki hat\u00e1r\u00e1ban\" href=\"http:\/\/www.hagyomanyokhegye.hu\/?p=425\">Tov\u00e1bb&#8230;<\/a><\/p>\n<p>&nbsp;<\/p>\n<p><img decoding=\"async\" loading=\"lazy\" class=\"aligncenter wp-image-250 size-full\" src=\"http:\/\/www.hagyomanyokhegye.hu\/wp-content\/uploads\/2015\/02\/fekete21.jpg\" alt=\"fekete2\" width=\"590\" height=\"18\" srcset=\"https:\/\/www.hagyomanyokhegye.hu\/wp-content\/uploads\/2015\/02\/fekete21.jpg 590w, https:\/\/www.hagyomanyokhegye.hu\/wp-content\/uploads\/2015\/02\/fekete21-300x9.jpg 300w\" sizes=\"(max-width: 590px) 100vw, 590px\" \/><\/p>\n<p>&nbsp;<\/p>\n","protected":false},"excerpt":{"rendered":"<p>Blog &nbsp; Az \u00d6reghegy t\u00f6rt\u00e9nete &nbsp; P\u00e1pa hat\u00e1r\u00e1r\u00e1ban k\u00fcl\u00f6n, a 17. sz\u00e1zad elej\u00e9t\u0151l \u00f6n\u00e1ll\u00f3 hegyk\u00f6zs\u00e9gi artikulusokkal szab\u00e1lyozott \u00e9letet \u00e9ltek a sz\u0151l\u0151hegyek. A Tapolca foly\u00f3 \u00e9s a J\u00e1ri patak k\u00f6z\u00f6tt fekv\u0151 Kishegy vagy Kishanta, m\u00f6g\u00f6tte az \u00d6reghegy vagy Nagyhanta alig 182 illetve 164 m\u00e9terrel emelkednek a tengerszint f\u00f6l\u00e9, \u00e1m k\u00f6zvetlen k\u00f6rnyezet\u00fckb\u0151l csak 10-30 m\u00e9terrel magasodnak ki. [&hellip;]<\/p>\n","protected":false},"author":2,"featured_media":0,"parent":0,"menu_order":1,"comment_status":"open","ping_status":"open","template":"","meta":[],"_links":{"self":[{"href":"https:\/\/www.hagyomanyokhegye.hu\/index.php?rest_route=\/wp\/v2\/pages\/444"}],"collection":[{"href":"https:\/\/www.hagyomanyokhegye.hu\/index.php?rest_route=\/wp\/v2\/pages"}],"about":[{"href":"https:\/\/www.hagyomanyokhegye.hu\/index.php?rest_route=\/wp\/v2\/types\/page"}],"author":[{"embeddable":true,"href":"https:\/\/www.hagyomanyokhegye.hu\/index.php?rest_route=\/wp\/v2\/users\/2"}],"replies":[{"embeddable":true,"href":"https:\/\/www.hagyomanyokhegye.hu\/index.php?rest_route=%2Fwp%2Fv2%2Fcomments&post=444"}],"version-history":[{"count":10,"href":"https:\/\/www.hagyomanyokhegye.hu\/index.php?rest_route=\/wp\/v2\/pages\/444\/revisions"}],"predecessor-version":[{"id":1001,"href":"https:\/\/www.hagyomanyokhegye.hu\/index.php?rest_route=\/wp\/v2\/pages\/444\/revisions\/1001"}],"wp:attachment":[{"href":"https:\/\/www.hagyomanyokhegye.hu\/index.php?rest_route=%2Fwp%2Fv2%2Fmedia&parent=444"}],"curies":[{"name":"wp","href":"https:\/\/api.w.org\/{rel}","templated":true}]}}