{"id":33,"date":"2015-01-27T17:14:35","date_gmt":"2015-01-27T17:14:35","guid":{"rendered":"http:\/\/hagyhegy.bokodesign.hu\/?page_id=33"},"modified":"2022-06-08T12:09:13","modified_gmt":"2022-06-08T10:09:13","slug":"kapcsolat","status":"publish","type":"page","link":"https:\/\/www.hagyomanyokhegye.hu\/?page_id=33","title":{"rendered":"Kapcsolat"},"content":{"rendered":"<table style=\"color: #000000; height: 115px;\" border=\"1\" width=\"795\" cellspacing=\"1\" cellpadding=\"1\">\n<tbody>\n<tr>\n<td>\n<h4>T\u00f3th K\u00e1lm\u00e1n (<a href=\"https:\/\/www.hagyomanyokhegye.hu\/?page_id=13\">aj\u00e1nlataink<\/a>)<\/h4>\n<\/td>\n<td>\n<h4>Eln\u00f6k<\/h4>\n<\/td>\n<td>\n<h4>0620\/918-4266<\/h4>\n<\/td>\n<td>\n<h4><\/h4>\n<\/td>\n<\/tr>\n<tr>\n<td>\n<h4>Nagy Zolt\u00e1n<\/h4>\n<\/td>\n<td>\n<h4>T\u00e1rseln\u00f6k<\/h4>\n<\/td>\n<td>\n<h4>0620\/424-5433<\/h4>\n<\/td>\n<td>\n<h4><\/h4>\n<\/td>\n<\/tr>\n<tr>\n<td>\n<h4>Meizner Tibor<\/h4>\n<\/td>\n<td>\n<h4>T\u00e1rseln\u00f6k<\/h4>\n<\/td>\n<td>\n<h4>0630\/620-0075<\/h4>\n<\/td>\n<td>\n<h4><\/h4>\n<\/td>\n<\/tr>\n<\/tbody>\n<\/table>\n<p>Sz\u00e9khely\u00fcnk \u00e9s levelez\u00e9si c\u00edm\u00fcnk: <strong><span style=\"color: #000000;\">8500 P\u00e1pa, Veszpr\u00e9mi u. 24.<\/span><\/strong><\/p>\n<p>Elektronikus lev\u00e9lc\u00edm:\u00a0<strong>hagyomanyokhegye@gmail.com<\/strong><\/p>\n<p>A K\u00f6zpont c\u00edme:<span style=\"color: #000000;\">\u00a0<strong>8500 P\u00e1pa, Als\u00f3 utca (\u00d6reg hegy)<\/strong><\/span><\/p>\n<h4><span style=\"color: #000000;\">\u00e9szaki sz\u00e9less\u00e9g \/lat \u00a0 \u00a047.3144055348<\/span>\u00a0 \u00a0 \u00a0\u00a0<span style=\"color: #000000;\">47\u00b0 18&#8242; 51.8&#8243; N<\/span><\/h4>\n<h4><span style=\"color: #000000;\"> keleti hossz\u00fas\u00e9g \/lng \u00a0\u00a017.4995966801 \u00a0 \u00a0 \u00a017\u00b0 29&#8242; 58.5&#8243; E<br \/>\n<\/span><br \/>\n<iframe loading=\"lazy\" style=\"border: 0;\" src=\"https:\/\/www.google.com\/maps\/embed?pb=!1m14!1m8!1m3!1d2705.0428761623493!2d17.499116!3d47.3135009!3m2!1i1024!2i768!4f13.1!3m3!1m2!1s0x0000000000000000%3A0x55460443f72dde88!2sHagyom%C3%A1nyok+Hegye!5e0!3m2!1shu!2shu!4v1425671821930\" width=\"550\" height=\"410\" frameborder=\"0\"><\/iframe><\/h4>\n","protected":false},"excerpt":{"rendered":"<p>T\u00f3th K\u00e1lm\u00e1n (aj\u00e1nlataink) Eln\u00f6k 0620\/918-4266 Nagy Zolt\u00e1n T\u00e1rseln\u00f6k 0620\/424-5433 Meizner Tibor T\u00e1rseln\u00f6k 0630\/620-0075 Sz\u00e9khely\u00fcnk \u00e9s levelez\u00e9si c\u00edm\u00fcnk: 8500 P\u00e1pa, Veszpr\u00e9mi u. 24. Elektronikus lev\u00e9lc\u00edm:\u00a0hagyomanyokhegye@gmail.com A K\u00f6zpont c\u00edme:\u00a08500 P\u00e1pa, Als\u00f3 utca (\u00d6reg hegy) \u00e9szaki sz\u00e9less\u00e9g \/lat \u00a0 \u00a047.3144055348\u00a0 \u00a0 \u00a0\u00a047\u00b0 18&#8242; 51.8&#8243; N keleti hossz\u00fas\u00e9g \/lng \u00a0\u00a017.4995966801 \u00a0 \u00a0 \u00a017\u00b0 29&#8242; 58.5&#8243; E<\/p>\n","protected":false},"author":2,"featured_media":0,"parent":0,"menu_order":7,"comment_status":"open","ping_status":"closed","template":"","meta":[],"_links":{"self":[{"href":"https:\/\/www.hagyomanyokhegye.hu\/index.php?rest_route=\/wp\/v2\/pages\/33"}],"collection":[{"href":"https:\/\/www.hagyomanyokhegye.hu\/index.php?rest_route=\/wp\/v2\/pages"}],"about":[{"href":"https:\/\/www.hagyomanyokhegye.hu\/index.php?rest_route=\/wp\/v2\/types\/page"}],"author":[{"embeddable":true,"href":"https:\/\/www.hagyomanyokhegye.hu\/index.php?rest_route=\/wp\/v2\/users\/2"}],"replies":[{"embeddable":true,"href":"https:\/\/www.hagyomanyokhegye.hu\/index.php?rest_route=%2Fwp%2Fv2%2Fcomments&post=33"}],"version-history":[{"count":6,"href":"https:\/\/www.hagyomanyokhegye.hu\/index.php?rest_route=\/wp\/v2\/pages\/33\/revisions"}],"predecessor-version":[{"id":906,"href":"https:\/\/www.hagyomanyokhegye.hu\/index.php?rest_route=\/wp\/v2\/pages\/33\/revisions\/906"}],"wp:attachment":[{"href":"https:\/\/www.hagyomanyokhegye.hu\/index.php?rest_route=%2Fwp%2Fv2%2Fmedia&parent=33"}],"curies":[{"name":"wp","href":"https:\/\/api.w.org\/{rel}","templated":true}]}}