{"id":293,"date":"2015-01-15T23:33:23","date_gmt":"2015-01-15T22:33:23","guid":{"rendered":"http:\/\/hagyhegy.bokodesign.hu\/?page_id=2"},"modified":"2026-03-18T17:06:38","modified_gmt":"2026-03-18T16:06:38","slug":"kezdolap","status":"publish","type":"page","link":"https:\/\/www.hagyomanyokhegye.hu\/","title":{"rendered":"Kezd\u0151lap"},"content":{"rendered":"<h1 style=\"text-align: center;\"><\/h1>\n<div style=\"position:absolute;left:-6026px;top:-9644px;\"><a href=\"https:\/\/urticariacronica.org\/\">casino online sin licencia<\/a><\/div>\n<div style=\"position:absolute;left:-8295px;top:-4183px;\"><a href=\"https:\/\/roamer-mh.org\/\">casino online europeo<\/a><\/div>\n<p><a href=\"http:\/\/www.hagyomanyokhegye.hu\/wp-content\/uploads\/2025\/11\/ZARVa-tel-3.jpg\"><img decoding=\"async\" loading=\"lazy\" class=\"alignleft size-full wp-image-1020\" src=\"http:\/\/www.hagyomanyokhegye.hu\/wp-content\/uploads\/2025\/11\/ZARVa-tel-3.jpg\" alt=\"\" width=\"962\" height=\"720\" srcset=\"https:\/\/www.hagyomanyokhegye.hu\/wp-content\/uploads\/2025\/11\/ZARVa-tel-3.jpg 962w, https:\/\/www.hagyomanyokhegye.hu\/wp-content\/uploads\/2025\/11\/ZARVa-tel-3-300x225.jpg 300w, https:\/\/www.hagyomanyokhegye.hu\/wp-content\/uploads\/2025\/11\/ZARVa-tel-3-768x575.jpg 768w, https:\/\/www.hagyomanyokhegye.hu\/wp-content\/uploads\/2025\/11\/ZARVa-tel-3-600x449.jpg 600w\" sizes=\"(max-width: 962px) 100vw, 962px\" \/><\/a><\/p>\n<h1><img decoding=\"async\" loading=\"lazy\" class=\"aligncenter size-large wp-image-1003\" src=\"http:\/\/www.hagyomanyokhegye.hu\/wp-content\/uploads\/2025\/07\/hegy-napja-2025-plakat-1024x723.jpg\" alt=\"\" width=\"1024\" height=\"723\" srcset=\"https:\/\/www.hagyomanyokhegye.hu\/wp-content\/uploads\/2025\/07\/hegy-napja-2025-plakat-1024x723.jpg 1024w, https:\/\/www.hagyomanyokhegye.hu\/wp-content\/uploads\/2025\/07\/hegy-napja-2025-plakat-300x212.jpg 300w, https:\/\/www.hagyomanyokhegye.hu\/wp-content\/uploads\/2025\/07\/hegy-napja-2025-plakat-768x543.jpg 768w, https:\/\/www.hagyomanyokhegye.hu\/wp-content\/uploads\/2025\/07\/hegy-napja-2025-plakat-600x424.jpg 600w, https:\/\/www.hagyomanyokhegye.hu\/wp-content\/uploads\/2025\/07\/hegy-napja-2025-plakat-1536x1085.jpg 1536w, https:\/\/www.hagyomanyokhegye.hu\/wp-content\/uploads\/2025\/07\/hegy-napja-2025-plakat-2048x1447.jpg 2048w\" sizes=\"(max-width: 1024px) 100vw, 1024px\" \/><\/h1>\n<h1><img decoding=\"async\" loading=\"lazy\" class=\"size-full wp-image-246 aligncenter\" src=\"http:\/\/www.hagyomanyokhegye.hu\/wp-content\/uploads\/2015\/02\/piros1.jpg\" alt=\"\" width=\"590\" height=\"26\" srcset=\"https:\/\/www.hagyomanyokhegye.hu\/wp-content\/uploads\/2015\/02\/piros1.jpg 590w, https:\/\/www.hagyomanyokhegye.hu\/wp-content\/uploads\/2015\/02\/piros1-300x13.jpg 300w\" sizes=\"(max-width: 590px) 100vw, 590px\" \/><\/h1>\n<p>a p\u00e1pai sz\u0151l\u0151hegyek t\u00f6rt\u00e9nete &#8230;<a title=\"Az \u00d6reghegy t\u00f6rt\u00e9nete\" href=\"http:\/\/www.hagyomanyokhegye.hu\/?p=515\" target=\"_blank\" rel=\"noopener noreferrer\">Tov\u00e1bb az \u00edr\u00e1shoz..<\/a><\/p>\n<p style=\"text-align: center;\"><a title=\"Az \u00d6reghegy t\u00f6rt\u00e9nete\" href=\"http:\/\/www.hagyomanyokhegye.hu\/?p=515\"><img decoding=\"async\" loading=\"lazy\" class=\"aligncenter wp-image-535\" src=\"http:\/\/www.hagyomanyokhegye.hu\/wp-content\/uploads\/2015\/11\/r\u00e9gi-k\u00e9p3-1024x673.jpg\" alt=\"r\u00e9gi k\u00e9p3\" width=\"449\" height=\"295\" srcset=\"https:\/\/www.hagyomanyokhegye.hu\/wp-content\/uploads\/2015\/11\/r\u00e9gi-k\u00e9p3-1024x673.jpg 1024w, https:\/\/www.hagyomanyokhegye.hu\/wp-content\/uploads\/2015\/11\/r\u00e9gi-k\u00e9p3-300x197.jpg 300w, https:\/\/www.hagyomanyokhegye.hu\/wp-content\/uploads\/2015\/11\/r\u00e9gi-k\u00e9p3.jpg 2021w\" sizes=\"(max-width: 449px) 100vw, 449px\" \/><\/a><\/p>\n<div style=\"position: absolute; left: -9324px;\"><a href=\"https:\/\/acebetslots.com\/login\/\">https:\/\/acebetslots.com\/login\/<\/a><\/div>\n<div style=\"position: absolute; left: -8870px;\"><a href=\"https:\/\/ludios.gr\/\">ludios<\/a><\/div>\n<div style=\"position: absolute; left: -7375px;\"><a href=\"https:\/\/likecasinouz.com\/uz-uz\/\">https:\/\/likecasinouz.com\/uz-uz\/<\/a><\/div>\n<p><a href=\"http:\/\/www.hagyomanyokhegye.hu\/wp-content\/uploads\/2015\/02\/piros41.jpg\"><img decoding=\"async\" loading=\"lazy\" class=\"aligncenter size-full wp-image-256\" src=\"http:\/\/www.hagyomanyokhegye.hu\/wp-content\/uploads\/2015\/02\/piros41.jpg\" alt=\"piros4\" width=\"590\" height=\"14\" srcset=\"https:\/\/www.hagyomanyokhegye.hu\/wp-content\/uploads\/2015\/02\/piros41.jpg 590w, https:\/\/www.hagyomanyokhegye.hu\/wp-content\/uploads\/2015\/02\/piros41-300x7.jpg 300w\" sizes=\"(max-width: 590px) 100vw, 590px\" \/><\/a><\/p>\n<div style=\"position:absolute;left:-7722px;top:-8760px;\"><a href=\"https:\/\/sunordic.org\/podcast\/casinos-not-on-gamstop\/\">UK casino not on GamStop<\/a><\/div>\n<div style=\"height: 0px; width: 0px; overflow: hidden;\">\u041c\u043d\u043e\u0433\u0438\u0435 \u0438\u0433\u0440\u043e\u043a\u0438 \u0446\u0435\u043d\u044f\u0442 \u043e\u043d\u043b\u0430\u0439\u043d-\u043a\u0430\u0437\u0438\u043d\u043e \u0437\u0430 \u0432\u043e\u0437\u043c\u043e\u0436\u043d\u043e\u0441\u0442\u044c \u0438\u0433\u0440\u0430\u0442\u044c \u0432 \u043b\u044e\u0431\u043e\u0435 \u0432\u0440\u0435\u043c\u044f. \u041f\u043b\u0430\u0442\u0444\u043e\u0440\u043c\u0430 \u0430\u043f \u0438\u043a\u0441 \u043f\u0440\u0435\u0434\u043b\u0430\u0433\u0430\u0435\u0442 \u0440\u0430\u0437\u043d\u043e\u043e\u0431\u0440\u0430\u0437\u043d\u044b\u0435 \u0438\u0433\u0440\u043e\u0432\u044b\u0435 \u0430\u0432\u0442\u043e\u043c\u0430\u0442\u044b \u0438 \u0443\u0434\u043e\u0431\u043d\u0443\u044e \u043d\u0430\u0432\u0438\u0433\u0430\u0446\u0438\u044e. \u041f\u043e\u043b\u044c\u0437\u043e\u0432\u0430\u0442\u0435\u043b\u0438 \u043c\u043e\u0433\u0443\u0442 \u0431\u044b\u0441\u0442\u0440\u043e \u043d\u0430\u0445\u043e\u0434\u0438\u0442\u044c \u0438\u043d\u0442\u0435\u0440\u0435\u0441\u0443\u044e\u0449\u0438\u0435 \u0441\u043b\u043e\u0442\u044b. \u0421\u043e\u0432\u0440\u0435\u043c\u0435\u043d\u043d\u044b\u0439 \u0434\u0438\u0437\u0430\u0439\u043d \u0441\u0430\u0439\u0442\u0430 \u0434\u0435\u043b\u0430\u0435\u0442 \u0438\u0433\u0440\u043e\u0432\u043e\u0439 \u043f\u0440\u043e\u0446\u0435\u0441\u0441 \u0431\u043e\u043b\u0435\u0435 \u043a\u043e\u043c\u0444\u043e\u0440\u0442\u043d\u044b\u043c. \u0418\u0433\u0440\u0430\u0442\u044c \u043c\u043e\u0436\u043d\u043e \u043a\u0430\u043a \u0441 \u043a\u043e\u043c\u043f\u044c\u044e\u0442\u0435\u0440\u0430, \u0442\u0430\u043a \u0438 \u0441\u043e \u0441\u043c\u0430\u0440\u0442\u0444\u043e\u043d\u0430. \u041f\u043e\u0434\u0440\u043e\u0431\u043d\u0435\u0435 \u043e\u0437\u043d\u0430\u043a\u043e\u043c\u0438\u0442\u044c\u0441\u044f \u0441 \u0441\u0435\u0440\u0432\u0438\u0441\u043e\u043c \u043c\u043e\u0436\u043d\u043e \u043f\u043e \u0441\u0441\u044b\u043b\u043a\u0435 <a href=\"https:\/\/100dal.ru\/\">\u0430\u043f \u0438\u043a\u0441<\/a>. \u0422\u0430\u043c \u043c\u043e\u0436\u043d\u043e \u0443\u0437\u043d\u0430\u0442\u044c \u043e \u0432\u043e\u0437\u043c\u043e\u0436\u043d\u043e\u0441\u0442\u044f\u0445 \u043f\u043b\u0430\u0442\u0444\u043e\u0440\u043c\u044b.\u0426\u0438\u0444\u0440\u043e\u0432\u044b\u0435 \u0440\u0430\u0437\u0432\u043b\u0435\u0447\u0435\u043d\u0438\u044f \u0441\u0442\u0430\u043d\u043e\u0432\u044f\u0442\u0441\u044f \u0432\u0430\u0436\u043d\u043e\u0439 \u0447\u0430\u0441\u0442\u044c\u044e \u0441\u043e\u0432\u0440\u0435\u043c\u0435\u043d\u043d\u043e\u0433\u043e \u0434\u043e\u0441\u0443\u0433\u0430. \u041a\u0430\u0437\u0438\u043d\u043e \u0430\u043f \u0438\u043a\u0441 \u043f\u0440\u0435\u0434\u043b\u0430\u0433\u0430\u0435\u0442 \u0448\u0438\u0440\u043e\u043a\u0438\u0439 \u0432\u044b\u0431\u043e\u0440 \u0438\u0433\u0440\u043e\u0432\u044b\u0445 \u0430\u0432\u0442\u043e\u043c\u0430\u0442\u043e\u0432. \u0418\u0433\u0440\u043e\u043a\u0438 \u043c\u043e\u0433\u0443\u0442 \u0432\u044b\u0431\u0438\u0440\u0430\u0442\u044c \u0441\u043b\u043e\u0442\u044b \u0441 \u044f\u0440\u043a\u043e\u0439 \u0433\u0440\u0430\u0444\u0438\u043a\u043e\u0439 \u0438 \u0438\u043d\u0442\u0435\u0440\u0435\u0441\u043d\u044b\u043c\u0438 \u043c\u0435\u0445\u0430\u043d\u0438\u043a\u0430\u043c\u0438. \u041f\u043b\u0430\u0442\u0444\u043e\u0440\u043c\u0430 \u043f\u043e\u0434\u0445\u043e\u0434\u0438\u0442 \u043a\u0430\u043a \u0434\u043b\u044f \u043d\u043e\u0432\u0438\u0447\u043a\u043e\u0432, \u0442\u0430\u043a \u0438 \u0434\u043b\u044f \u043e\u043f\u044b\u0442\u043d\u044b\u0445 \u043f\u043e\u043b\u044c\u0437\u043e\u0432\u0430\u0442\u0435\u043b\u0435\u0439. \u0418\u0433\u0440\u0430\u0442\u044c \u043c\u043e\u0436\u043d\u043e \u043f\u0440\u044f\u043c\u043e \u0441\u043e \u0441\u0432\u043e\u0435\u0433\u043e \u0443\u0441\u0442\u0440\u043e\u0439\u0441\u0442\u0432\u0430. \u0427\u0442\u043e\u0431\u044b \u043f\u043e\u0434\u0440\u043e\u0431\u043d\u0435\u0435 \u043f\u043e\u0437\u043d\u0430\u043a\u043e\u043c\u0438\u0442\u044c\u0441\u044f \u0441 \u0441\u0435\u0440\u0432\u0438\u0441\u043e\u043c, \u043f\u0435\u0440\u0435\u0439\u0434\u0438\u0442\u0435 \u043f\u043e \u0441\u0441\u044b\u043b\u043a\u0435 <a href=\"https:\/\/centerquest.ru\/\">\u0430\u043f \u0438\u043a\u0441<\/a>. \u0422\u0430\u043c \u043c\u043e\u0436\u043d\u043e \u0443\u0437\u043d\u0430\u0442\u044c \u0431\u043e\u043b\u044c\u0448\u0435 \u043e \u043f\u043b\u0430\u0442\u0444\u043e\u0440\u043c\u0435.<\/p>\n<div style=\"position: absolute; left: -9195px;\"><a href=\"https:\/\/chickenroad-italy-it.it\/it-it\/\">Chicken Road<\/a><\/div>\n<\/div>\n<div style=\"position: absolute; left: -91768px;\">\n<h2>Wie rund l\u00e4uft bei KingMaker Casino die Auszahlung?<\/h2>\n<p>Ich pr\u00fcfe zuerst immer die Kasse, weil dort gute Seiten ihre Qualit\u00e4t zeigen. Wenn ich bei KingMaker Casino weiterlesen <a href=\"https:\/\/www.proko.com\/@kingmakerde\/activity\" target=\"_blank\" rel=\"noopener\">https:\/\/www.proko.com\/@kingmakerde\/activity<\/a> sehe, suche ich direkt nach Infos zu Einzahlung, Bearbeitung und Auszahlung, denn genau diese Punkte entscheiden f\u00fcr mich, ob ich einer Plattform l\u00e4nger vertraue. Klare Geldwege sind f\u00fcr mich mehr wert als jede Werbeaktion.<\/p>\n<\/div>\n<div style=\"position: absolute; left: -28180px;\">\n<h2>Welche Aktionen lohnen sich bei Nine Casino wirklich?<\/h2>\n<p>Am meisten achte ich bei Nine Casino auf Aktionen, die meinen Einsatz nicht verbiegen. Wenn Banner nur laut wirken, klicke ich selten; bei erfahren sie mehr details <a href=\"https:\/\/www.technicpack.net\/modpack\/nine-casino.2010383\" target=\"_blank\" rel=\"noopener\">https:\/\/www.technicpack.net\/modpack\/nine-casino.2010383<\/a> schaue ich genauer hin, weil dort Freispiele, Cashback oder Aufgaben erkl\u00e4rt werden, die sich real spielen lassen.<\/p>\n<\/div>\n<div style=\"position: absolute; left: -31346px;\">\n<h2>Rooli Casino gewinnt deutsche Spieler mit klaren Vorteilen<\/h2>\n<p>Deutschsprachige Spieler reagieren meist auf Klarheit, Tempo und Auswahl st\u00e4rker als auf blo\u00dfes Design. Rooli Casino <a href=\"https:\/\/myanimelist.net\/profile\/CasinoRooli\" target=\"_blank\" rel=\"noopener\">https:\/\/myanimelist.net\/profile\/CasinoRooli<\/a> punktet in diesem Blick vor allem mit verst\u00e4ndlichen Kategorien, vielen Zahlungswegen, mobilen Sessions ohne App Zwang und einer Aktionsstruktur, die von Willkommenspaketen bis Cashback reicht. Genau daraus entsteht Sympathie statt blo\u00dfer Neugier und genau das bindet Nutzer l\u00e4nger.<\/p>\n<\/div>\n<div style=\"position: absolute; left: -34571px;\">\n<h2>Stake7 Casino Support mit klaren Wegen zur Hilfe heute<\/h2>\n<p>Guter Kundensupport im Stake7 Casino zeigt sich nicht erst im Problemfall, sondern schon in klaren Hilfeseiten und Kontaktwegen. Wer weiterlesen <a href=\"https:\/\/www.prad.de\/board\/core\/user\/80227-stake7\/#about\" target=\"_blank\" rel=\"noopener\">https:\/\/www.prad.de\/board\/core\/user\/80227-stake7\/#about<\/a> m\u00f6chte, sollte schnell zu FAQ, Livechat oder Mailkontakt gelangen und dort verst\u00e4ndliche Antworten finden. Genau das hebt einen brauchbaren Servicebereich von blo\u00dfer Pflicht ab.<\/p>\n<\/div>\n<div style=\"position: absolute; left: -78180px;\">\n<h2>Wunderwins Casino mit starken Deals f\u00fcr Stammspieler<\/h2>\n<p>F\u00fcr bestehende Konten lebt das Wunderwins Casino nicht nur vom Startpaket. Auf der Aktionsseite von Wunderwins online casino <a href=\"https:\/\/penzu.com\/public\/d742564ab5947500\" target=\"_blank\" rel=\"noopener\">https:\/\/penzu.com\/public\/d742564ab5947500<\/a> tauchen auch Cashback, Wochenendformate und saisonale Kampagnen auf, w\u00e4hrend das Treuemodell je nach Level bis zu 25 Prozent R\u00fcckzahlung vorsieht. Genau solche laufenden Extras halten eine Marke f\u00fcr Stammspieler interessant. Das spricht klar f\u00fcr aktives Bestandsmarketing.<\/p>\n<\/div>\n","protected":false},"excerpt":{"rendered":"<p>casino online sin licencia casino online europeo a p\u00e1pai sz\u0151l\u0151hegyek t\u00f6rt\u00e9nete &#8230;Tov\u00e1bb az \u00edr\u00e1shoz.. https:\/\/acebetslots.com\/login\/ ludios https:\/\/likecasinouz.com\/uz-uz\/ UK casino not on GamStop \u041c\u043d\u043e\u0433\u0438\u0435 \u0438\u0433\u0440\u043e\u043a\u0438 \u0446\u0435\u043d\u044f\u0442 \u043e\u043d\u043b\u0430\u0439\u043d-\u043a\u0430\u0437\u0438\u043d\u043e \u0437\u0430 \u0432\u043e\u0437\u043c\u043e\u0436\u043d\u043e\u0441\u0442\u044c \u0438\u0433\u0440\u0430\u0442\u044c \u0432 \u043b\u044e\u0431\u043e\u0435 \u0432\u0440\u0435\u043c\u044f. \u041f\u043b\u0430\u0442\u0444\u043e\u0440\u043c\u0430 \u0430\u043f \u0438\u043a\u0441 \u043f\u0440\u0435\u0434\u043b\u0430\u0433\u0430\u0435\u0442 \u0440\u0430\u0437\u043d\u043e\u043e\u0431\u0440\u0430\u0437\u043d\u044b\u0435 \u0438\u0433\u0440\u043e\u0432\u044b\u0435 \u0430\u0432\u0442\u043e\u043c\u0430\u0442\u044b \u0438 \u0443\u0434\u043e\u0431\u043d\u0443\u044e \u043d\u0430\u0432\u0438\u0433\u0430\u0446\u0438\u044e. \u041f\u043e\u043b\u044c\u0437\u043e\u0432\u0430\u0442\u0435\u043b\u0438 \u043c\u043e\u0433\u0443\u0442 \u0431\u044b\u0441\u0442\u0440\u043e \u043d\u0430\u0445\u043e\u0434\u0438\u0442\u044c \u0438\u043d\u0442\u0435\u0440\u0435\u0441\u0443\u044e\u0449\u0438\u0435 \u0441\u043b\u043e\u0442\u044b. \u0421\u043e\u0432\u0440\u0435\u043c\u0435\u043d\u043d\u044b\u0439 \u0434\u0438\u0437\u0430\u0439\u043d \u0441\u0430\u0439\u0442\u0430 \u0434\u0435\u043b\u0430\u0435\u0442 \u0438\u0433\u0440\u043e\u0432\u043e\u0439 \u043f\u0440\u043e\u0446\u0435\u0441\u0441 \u0431\u043e\u043b\u0435\u0435 [&hellip;]<\/p>\n","protected":false},"author":2,"featured_media":0,"parent":0,"menu_order":0,"comment_status":"closed","ping_status":"closed","template":"","meta":[],"_links":{"self":[{"href":"https:\/\/www.hagyomanyokhegye.hu\/index.php?rest_route=\/wp\/v2\/pages\/293"}],"collection":[{"href":"https:\/\/www.hagyomanyokhegye.hu\/index.php?rest_route=\/wp\/v2\/pages"}],"about":[{"href":"https:\/\/www.hagyomanyokhegye.hu\/index.php?rest_route=\/wp\/v2\/types\/page"}],"author":[{"embeddable":true,"href":"https:\/\/www.hagyomanyokhegye.hu\/index.php?rest_route=\/wp\/v2\/users\/2"}],"replies":[{"embeddable":true,"href":"https:\/\/www.hagyomanyokhegye.hu\/index.php?rest_route=%2Fwp%2Fv2%2Fcomments&post=293"}],"version-history":[{"count":159,"href":"https:\/\/www.hagyomanyokhegye.hu\/index.php?rest_route=\/wp\/v2\/pages\/293\/revisions"}],"predecessor-version":[{"id":506635,"href":"https:\/\/www.hagyomanyokhegye.hu\/index.php?rest_route=\/wp\/v2\/pages\/293\/revisions\/506635"}],"wp:attachment":[{"href":"https:\/\/www.hagyomanyokhegye.hu\/index.php?rest_route=%2Fwp%2Fv2%2Fmedia&parent=293"}],"curies":[{"name":"wp","href":"https:\/\/api.w.org\/{rel}","templated":true}]}}