{"id":242,"date":"2015-02-26T17:11:38","date_gmt":"2015-02-26T17:11:38","guid":{"rendered":"http:\/\/hagyhegy.bokodesign.hu\/?page_id=242"},"modified":"2025-10-14T12:54:08","modified_gmt":"2025-10-14T10:54:08","slug":"kilato","status":"publish","type":"page","link":"https:\/\/www.hagyomanyokhegye.hu\/?page_id=242","title":{"rendered":"Kil\u00e1t\u00f3"},"content":{"rendered":"<p><strong>\u00d6reghegyi kil\u00e1t\u00f3.<\/strong><\/p>\n<p><strong>Bel\u00e9p\u0151d\u00edjak:<\/strong><\/p>\n<p>3 \u00e9ves korig ingyenes, 400 Ft nyugd\u00edjas \u00e9s gyerek (14 \u00e9ves korig) , 600 Ft Ifj\u00fas\u00e1gi \u00e9s feln\u0151tt.<\/p>\n<p><strong>Nyitva tart\u00e1s:<\/strong> Tavaszt\u00f3l \u0151szig. Szombat, vas\u00e1rnap 13-17 \u00f3r\u00e1ig.<\/p>\n<p>2025. november 3.-\u00e1t\u00f3l Z\u00c1RVA<\/p>\n<p><em>BEJELENTKEZ\u00c9S \u00a0a \u00a0+36209184266 T\u00f3th K\u00e1lm\u00e1nn\u00e1l ,vagy a hagyomanyokhegye@gmail.com-on<\/em><\/p>\n<p>P\u00e1pa v\u00e1ros \u00e9s k\u00f6rny\u00e9k\u00e9nek l\u00e1tk\u00e9pe.<\/p>\n<p style=\"text-align: center;\"><iframe loading=\"lazy\" src=\"https:\/\/www.youtube.com\/embed\/kWOlX0n3JPs\" width=\"560\" height=\"315\" frameborder=\"0\" allowfullscreen=\"allowfullscreen\"><\/iframe><\/p>\n<p><a href=\"http:\/\/www.hagyomanyokhegye.hu\/?page_id=13\">-&gt; A Hagyom\u00e1nyok Hegye egy\u00e9b aj\u00e1nlata &lt;-<\/a><\/p>\n<p><strong>Fontos szab\u00e1lyok a K\u00f6zpont haszn\u00e1lat\u00e1val kapcsolatban:<\/strong><\/p>\n<ol>\n<li>A ter\u00fcleten nagy test\u0171 vad \u00e9s h\u00e1zi \u00e1llatok is \u00e9lnek, ez\u00e9rt \u00e9s a vesz\u00e9lyes helyek miatt a kisgyermekeket fel\u00fcgyelet n\u00e9lk\u00fcl ne hagyj\u00e1k!<\/li>\n<li>Nagy figyelmet szentel\u00fcnk a term\u00e9szet meg\u0151rz\u00e9s\u00e9re, ez\u00e9rt k\u00e9rj\u00fck, semmit ne vigyen el, ami ide val\u00f3, \u00e9s semmit se hagyjon itt, ami nem ide val\u00f3! N\u00f6v\u00e9nyek, gy\u00f3gyn\u00f6v\u00e9nyek gy\u0171jt\u00e9s\u00e9re vonatkoz\u00f3 ig\u00e9ny\u00e9t, k\u00e9rj\u00fck, el\u0151re egyeztesse!<\/li>\n<li>A ter\u00fcletre kuty\u00e1t, macsk\u00e1t behozni TILOS! Ezt l\u00e1togat\u00e1sa el\u0151tt, k\u00e9rj\u00fck, vegye figyelembe!<\/li>\n<li>T\u0171zgy\u00fajt\u00e1si tilalom eset\u00e9n a K\u00f6zpont teljes ter\u00fclet\u00e9n a t\u0171zgy\u00fajt\u00e1s szigor\u00faan tilos. Egy\u00e9b esetekben Egyes\u00fclet\u00fcnk enged\u00e9ly\u00e9hez k\u00f6t\u00f6tt.<\/li>\n<li>A ter\u00fcleten villanyp\u00e1sztor m\u0171k\u00f6dik. Hozz\u00e1\u00e9rni (f\u0151leg es\u0151s id\u0151ben) TILOS!<\/li>\n<\/ol>\n","protected":false},"excerpt":{"rendered":"<p>\u00d6reghegyi kil\u00e1t\u00f3. Bel\u00e9p\u0151d\u00edjak: 3 \u00e9ves korig ingyenes, 400 Ft nyugd\u00edjas \u00e9s gyerek (14 \u00e9ves korig) , 600 Ft Ifj\u00fas\u00e1gi \u00e9s feln\u0151tt. Nyitva tart\u00e1s: Tavaszt\u00f3l \u0151szig. Szombat, vas\u00e1rnap 13-17 \u00f3r\u00e1ig. 2025. november 3.-\u00e1t\u00f3l Z\u00c1RVA BEJELENTKEZ\u00c9S \u00a0a \u00a0+36209184266 T\u00f3th K\u00e1lm\u00e1nn\u00e1l ,vagy a hagyomanyokhegye@gmail.com-on P\u00e1pa v\u00e1ros \u00e9s k\u00f6rny\u00e9k\u00e9nek l\u00e1tk\u00e9pe. -&gt; A Hagyom\u00e1nyok Hegye egy\u00e9b aj\u00e1nlata &lt;- Fontos szab\u00e1lyok [&hellip;]<\/p>\n","protected":false},"author":2,"featured_media":0,"parent":0,"menu_order":4,"comment_status":"open","ping_status":"closed","template":"","meta":[],"_links":{"self":[{"href":"https:\/\/www.hagyomanyokhegye.hu\/index.php?rest_route=\/wp\/v2\/pages\/242"}],"collection":[{"href":"https:\/\/www.hagyomanyokhegye.hu\/index.php?rest_route=\/wp\/v2\/pages"}],"about":[{"href":"https:\/\/www.hagyomanyokhegye.hu\/index.php?rest_route=\/wp\/v2\/types\/page"}],"author":[{"embeddable":true,"href":"https:\/\/www.hagyomanyokhegye.hu\/index.php?rest_route=\/wp\/v2\/users\/2"}],"replies":[{"embeddable":true,"href":"https:\/\/www.hagyomanyokhegye.hu\/index.php?rest_route=%2Fwp%2Fv2%2Fcomments&post=242"}],"version-history":[{"count":36,"href":"https:\/\/www.hagyomanyokhegye.hu\/index.php?rest_route=\/wp\/v2\/pages\/242\/revisions"}],"predecessor-version":[{"id":1014,"href":"https:\/\/www.hagyomanyokhegye.hu\/index.php?rest_route=\/wp\/v2\/pages\/242\/revisions\/1014"}],"wp:attachment":[{"href":"https:\/\/www.hagyomanyokhegye.hu\/index.php?rest_route=%2Fwp%2Fv2%2Fmedia&parent=242"}],"curies":[{"name":"wp","href":"https:\/\/api.w.org\/{rel}","templated":true}]}}