{"id":150,"date":"2015-02-10T17:18:29","date_gmt":"2015-02-10T17:18:29","guid":{"rendered":"http:\/\/hagyhegy.bokodesign.hu\/?page_id=150"},"modified":"2020-02-15T16:21:27","modified_gmt":"2020-02-15T15:21:27","slug":"tortenelmi-rendezvenyink","status":"publish","type":"page","link":"https:\/\/www.hagyomanyokhegye.hu\/?page_id=150","title":{"rendered":"T\u00f6rt\u00e9nelmi rendezv\u00e9nyeink"},"content":{"rendered":"<div id=\"maincolumn\" style=\"color: #000000;\">\n<div id=\"maincontent\">\n<div class=\"item-page\">\n<p>A Hagyom\u00e1nyok Hegy\u00e9n m\u00e1r a K\u00f6zpont hivatalos megalakul\u00e1sa el\u0151tt is zajlottak rendezv\u00e9nyek, melyekb\u0151l tanulva 2011-ben v\u00e9gre megnyitottuk a Hagyom\u00e1nyok Hegye K\u00f6zpontot.<\/p>\n<p>A megalakul\u00e1s el\u0151tt k\u00f6rny\u00e9kbeli hagyom\u00e1ny\u0151rz\u0151 csapatokkal k\u00f6z\u00f6sen rendezt\u00fck meg a F\u00e9ny napja, \u00e9s a Fegyver napja nev\u0171 tal\u00e1lkoz\u00f3inkat.<\/p>\n<p>2010-ben megh\u00edv\u00e1st kaptunk P\u00e9csre, ahol a v\u00e9gv\u00e1ri kort id\u00e9zt\u00fck meg nagy sikerrel.<\/p>\n<p>Rendezv\u00e9nyeink t\u00f6rt\u00e9net\u00e9nek sor\u00e1t a Hegy napja z\u00e1rja, mely el\u0151sz\u00f6r 2011-ben, a K\u00f6zpont hivatalos megalakul\u00e1sakor, zajlott le. Az eltelt k\u00e9t esztend\u0151ben minden alkalommal mintegy 1500 ember l\u00e1togatott ki a p\u00e1pai \u00d6reghegybe.<\/p>\n<p>Jelenleg anyagi helyzet\u00fcnk nem engedi meg, hogy \u00e1lland\u00f3 nyitva tart\u00e1ssal (\u00e1lland\u00f3 szem\u00e9lyzettel) \u00fczemeltess\u00fck a K\u00f6zpontot. A t\u00f6bb mint 8 hekt\u00e1ros ter\u00fcleten m\u00e9g mindig vannak vesz\u00e9lyes helyek, \u00edgy a Hegy csak k\u00eds\u00e9r\u0151vel, adott id\u0151pontokban l\u00e1togathat\u00f3. 2013-t\u00f3l k\u00eds\u00e9rleti jelleggel \u00e9vente t\u00f6bb alkalommal fogunk ny\u00edlt napokat szervezni, ahol apr\u00f3bb programokkal f\u0171szerezve nyitjuk meg a Hagyom\u00e1nyok Hegye T\u00f6rt\u00e9nelmi, N\u00e9prajzi, Term\u00e9szetismereti K\u00f6zpontot a l\u00e1togat\u00f3k, \u00e9rdekl\u0151d\u0151k el\u0151tt. A pontos id\u0151pontokr\u00f3l honlapunkon \u00e9s a helyi \u00fajs\u00e1gokban, t\u00e9v\u00e9ben adunk t\u00e1j\u00e9koztat\u00e1st.<\/p>\n<p>&nbsp;<\/p>\n<\/div>\n<\/div>\n<\/div>\n","protected":false},"excerpt":{"rendered":"<p>A Hagyom\u00e1nyok Hegy\u00e9n m\u00e1r a K\u00f6zpont hivatalos megalakul\u00e1sa el\u0151tt is zajlottak rendezv\u00e9nyek, melyekb\u0151l tanulva 2011-ben v\u00e9gre megnyitottuk a Hagyom\u00e1nyok Hegye K\u00f6zpontot. A megalakul\u00e1s el\u0151tt k\u00f6rny\u00e9kbeli hagyom\u00e1ny\u0151rz\u0151 csapatokkal k\u00f6z\u00f6sen rendezt\u00fck meg a F\u00e9ny napja, \u00e9s a Fegyver napja nev\u0171 tal\u00e1lkoz\u00f3inkat. 2010-ben megh\u00edv\u00e1st kaptunk P\u00e9csre, ahol a v\u00e9gv\u00e1ri kort id\u00e9zt\u00fck meg nagy sikerrel. Rendezv\u00e9nyeink t\u00f6rt\u00e9net\u00e9nek sor\u00e1t a [&hellip;]<\/p>\n","protected":false},"author":2,"featured_media":0,"parent":122,"menu_order":0,"comment_status":"open","ping_status":"closed","template":"","meta":[],"_links":{"self":[{"href":"https:\/\/www.hagyomanyokhegye.hu\/index.php?rest_route=\/wp\/v2\/pages\/150"}],"collection":[{"href":"https:\/\/www.hagyomanyokhegye.hu\/index.php?rest_route=\/wp\/v2\/pages"}],"about":[{"href":"https:\/\/www.hagyomanyokhegye.hu\/index.php?rest_route=\/wp\/v2\/types\/page"}],"author":[{"embeddable":true,"href":"https:\/\/www.hagyomanyokhegye.hu\/index.php?rest_route=\/wp\/v2\/users\/2"}],"replies":[{"embeddable":true,"href":"https:\/\/www.hagyomanyokhegye.hu\/index.php?rest_route=%2Fwp%2Fv2%2Fcomments&post=150"}],"version-history":[{"count":2,"href":"https:\/\/www.hagyomanyokhegye.hu\/index.php?rest_route=\/wp\/v2\/pages\/150\/revisions"}],"predecessor-version":[{"id":726,"href":"https:\/\/www.hagyomanyokhegye.hu\/index.php?rest_route=\/wp\/v2\/pages\/150\/revisions\/726"}],"up":[{"embeddable":true,"href":"https:\/\/www.hagyomanyokhegye.hu\/index.php?rest_route=\/wp\/v2\/pages\/122"}],"wp:attachment":[{"href":"https:\/\/www.hagyomanyokhegye.hu\/index.php?rest_route=%2Fwp%2Fv2%2Fmedia&parent=150"}],"curies":[{"name":"wp","href":"https:\/\/api.w.org\/{rel}","templated":true}]}}