{"id":144,"date":"2015-02-10T17:07:07","date_gmt":"2015-02-10T17:07:07","guid":{"rendered":"http:\/\/hagyhegy.bokodesign.hu\/?page_id=144"},"modified":"2015-03-09T20:00:45","modified_gmt":"2015-03-09T20:00:45","slug":"a-tortenelem-utja","status":"publish","type":"page","link":"https:\/\/www.hagyomanyokhegye.hu\/?page_id=144","title":{"rendered":"A t\u00f6rt\u00e9nelem \u00fatja"},"content":{"rendered":"<h3><\/h3>\n<h3><a href=\"http:\/\/www.hagyomanyokhegye.hu\/?p=340\" target=\"_blank\">Avar t\u00f6rt\u00e9nelem<\/a><\/h3>\n<p style=\"color: #000000;\">Hossz\u00fa sorokat \u00edrhatn\u00e1nk e n\u00e9pr\u0151l, melyr\u0151l m\u00e9g manaps\u00e1g is rengeteg vita folyik tudom\u00e1nyos berkekben. T\u00fcrk\u00f6knek, hunoknak, magyaroknak tartj\u00e1k \u0151ket (ki-ki elk\u00e9pzel\u00e9se szerint), de sajnos az iskolai tank\u00f6nyvekben err\u0151l a n\u00e9pr\u0151l t\u00f6bbnyire egyik v\u00e1ltozatban sem esik sz\u00f3. <a href=\"http:\/\/www.hagyomanyokhegye.hu\/?p=340\" target=\"_blank\">\u00a0 Tov\u00e1bb&#8230;<\/a><\/p>\n<h3 style=\"color: #000000;\"><a href=\"http:\/\/www.hagyomanyokhegye.hu\/?p=341\" target=\"_blank\">Avar \u00e9letm\u00f3d<\/a><\/h3>\n<address>Avar telep\u00fcl\u00e9sek<\/address>\n<p>Fontos els\u0151k\u00e9nt lesz\u00f6gezni, hogy az avarok, mint ahogy a hunok, s a honfoglal\u00f3 magyarok, nem voltak nom\u00e1dok. Nom\u00e1dnak ugyanis azt a n\u00e9pet nevezz\u00fck, amelyikn\u00e9l a n\u00e9p eg\u00e9sze v\u00e1ndorol a meg\u00e9lhet\u00e9s\u00fcket biztos\u00edt\u00f3 \u00e1llatok ut\u00e1n, vagy k\u00f6lt\u00f6zik mindig olyan helyre, ahol a term\u00e9szet \u00e9ppen a legt\u00f6bbet tudja nekik ny\u00fajtani (ilyenek pl. a Nam\u00edbi\u00e1ban \u00e9l\u0151 busmanok). \u00a0<a href=\"http:\/\/www.hagyomanyokhegye.hu\/?p=341\" target=\"_blank\">Tov\u00e1bb&#8230;<\/a><\/p>\n<h3><a href=\"http:\/\/www.hagyomanyokhegye.hu\/?p=343\" target=\"_blank\">Avar viseletek<\/a><\/h3>\n<p><span style=\"color: #000000;\">E honlapr\u00e9szen az avarok viselet\u00e9vel foglalkozunk. Sajnos a K\u00e1rp\u00e1t-medencei k\u00f6r\u00fclm\u00e9nyek nem kedveznek a ruh\u00e1zat megmarad\u00e1s\u00e1nak, ez\u00e9rt t\u00f6bbnyire csak korabeli \u00e1br\u00e1zol\u00e1sokb\u00f3l, \u00a0le\u00edr\u00e1sokb\u00f3l (esetleg \u00e1zsiai avar leletekb\u0151l) k\u00f6vetkeztethet\u00fcnk mindezekre. A lehet\u0151s\u00e9gek k\u00f6re igen t\u00e1g, hiszen akkort\u00e1jt t\u00f6bbnyire nem a divat, hanem a c\u00e9lszer\u0171s\u00e9g d\u00f6nt\u00f6tt a ruh\u00e1zatr\u00f3l. \u00a0<a href=\"http:\/\/www.hagyomanyokhegye.hu\/?p=343\" target=\"_blank\">Tov\u00e1bb &#8230;<\/a><\/span><\/p>\n<h3><a href=\"http:\/\/www.hagyomanyokhegye.hu\/?p=346\" target=\"_blank\">Avar fegyverek<\/a><\/h3>\n<p><span style=\"color: #000000;\">Az avarokr\u00f3l sz\u00f3l\u00f3 honlapr\u00e9sznek egyik fontos eleme az avarok fegyvereir\u0151l sz\u00f3l\u00f3 pont. Fontos ez a r\u00e9sz, hiszen az avarok eg\u00e9sz t\u00f6rt\u00e9nelm\u00e9t \u00e1tsz\u00f6vik a csat\u00e1k, h\u00e1bor\u00fak. <a href=\"http:\/\/www.hagyomanyokhegye.hu\/?p=346\" target=\"_blank\">Tov\u00e1bb&#8230;<\/a><\/span><\/p>\n","protected":false},"excerpt":{"rendered":"<p>Avar t\u00f6rt\u00e9nelem Hossz\u00fa sorokat \u00edrhatn\u00e1nk e n\u00e9pr\u0151l, melyr\u0151l m\u00e9g manaps\u00e1g is rengeteg vita folyik tudom\u00e1nyos berkekben. T\u00fcrk\u00f6knek, hunoknak, magyaroknak tartj\u00e1k \u0151ket (ki-ki elk\u00e9pzel\u00e9se szerint), de sajnos az iskolai tank\u00f6nyvekben err\u0151l a n\u00e9pr\u0151l t\u00f6bbnyire egyik v\u00e1ltozatban sem esik sz\u00f3. \u00a0 Tov\u00e1bb&#8230; Avar \u00e9letm\u00f3d Avar telep\u00fcl\u00e9sek Fontos els\u0151k\u00e9nt lesz\u00f6gezni, hogy az avarok, mint ahogy a hunok, s [&hellip;]<\/p>\n","protected":false},"author":2,"featured_media":0,"parent":122,"menu_order":0,"comment_status":"open","ping_status":"open","template":"","meta":[],"_links":{"self":[{"href":"https:\/\/www.hagyomanyokhegye.hu\/index.php?rest_route=\/wp\/v2\/pages\/144"}],"collection":[{"href":"https:\/\/www.hagyomanyokhegye.hu\/index.php?rest_route=\/wp\/v2\/pages"}],"about":[{"href":"https:\/\/www.hagyomanyokhegye.hu\/index.php?rest_route=\/wp\/v2\/types\/page"}],"author":[{"embeddable":true,"href":"https:\/\/www.hagyomanyokhegye.hu\/index.php?rest_route=\/wp\/v2\/users\/2"}],"replies":[{"embeddable":true,"href":"https:\/\/www.hagyomanyokhegye.hu\/index.php?rest_route=%2Fwp%2Fv2%2Fcomments&post=144"}],"version-history":[{"count":3,"href":"https:\/\/www.hagyomanyokhegye.hu\/index.php?rest_route=\/wp\/v2\/pages\/144\/revisions"}],"predecessor-version":[{"id":395,"href":"https:\/\/www.hagyomanyokhegye.hu\/index.php?rest_route=\/wp\/v2\/pages\/144\/revisions\/395"}],"up":[{"embeddable":true,"href":"https:\/\/www.hagyomanyokhegye.hu\/index.php?rest_route=\/wp\/v2\/pages\/122"}],"wp:attachment":[{"href":"https:\/\/www.hagyomanyokhegye.hu\/index.php?rest_route=%2Fwp%2Fv2%2Fmedia&parent=144"}],"curies":[{"name":"wp","href":"https:\/\/api.w.org\/{rel}","templated":true}]}}