{"id":13,"date":"2015-01-22T17:18:32","date_gmt":"2015-01-22T17:18:32","guid":{"rendered":"http:\/\/hagyhegy.bokodesign.hu\/?page_id=13"},"modified":"2023-01-04T15:20:38","modified_gmt":"2023-01-04T14:20:38","slug":"probaoldal","status":"publish","type":"page","link":"https:\/\/www.hagyomanyokhegye.hu\/?page_id=13","title":{"rendered":"Aj\u00e1nlataink"},"content":{"rendered":"<h2><strong>A Hagyom\u00e1nyok Hegye T\u00f6rt\u00e9nelmi, N\u00e9prajzi \u00e9s Term\u00e9szetismereti K\u00f6zpont aj\u00e1nlatai csoportoknak.<\/strong><\/h2>\n<ul>\n<li>\n<h3><strong>I.\u00a0\u00a0\u00a0A K\u00f6zpont megtekint\u00e9se:<\/strong><\/h3>\n<\/li>\n<\/ul>\n<p><strong>1, A K\u00f6zpont megtekint\u00e9se vezet\u0151 n\u00e9lk\u00fcl<\/strong><strong>.<\/strong><\/p>\n<p>Feln\u0151tt: 600 Ft. \/ f\u0151 \/ megkezdett \u00f3ra.<\/p>\n<p>Gyermek, nyugd\u00edjas: 400 Ft. \/ f\u0151 \/ megkezdett \u00f3ra.<\/p>\n<ul>\n<li>\n<h3><strong>II.\u00a0\u00a0\u00a0\u201eT\u00f6rt\u00e9nelem \u00fatj\u00e1n\u201d :<\/strong><\/h3>\n<\/li>\n<\/ul>\n<p><strong>1, \u201eAvarok kora\u201d K<\/strong><strong>alandoz\u00e1s a honfoglal\u00e1s el\u0151tti K\u00e1rp\u00e1t medenc\u00e9be<\/strong><strong>.<\/strong> \u00c1r: 2.300 Ft. \/ f\u0151 \/ 2,5 \u00f3ra.<\/p>\n<p>Bepillant\u00e1st nyerhetnek a honfoglal\u00f3 magyarok el\u0151tt itt \u00e9lt titokzatos avar n\u00e9p \u00e9let\u00e9be. R\u00f6vid s\u00e9ta a K\u00f6zpont ter\u00fclet\u00e9n. A P\u00e1p\u00e1t k\u00f6r\u00fclvev\u0151 t\u00e9rs\u00e9g bemutat\u00e1sa, kil\u00e1t\u00f3 megtekint\u00e9se, a hegy \u00e1llat-, \u00e9s n\u00f6v\u00e9nyvil\u00e1ga, lovak megtekint\u00e9se, k\u00fcl\u00f6nleges t\u00f6rt\u00e9nelem \u00f3ra elm\u00e9leti \u00e9s gyakorlati el\u0151ad\u00e1s az avarok t\u00f6rt\u00e9nelm\u00e9r\u0151l, viseleteir\u0151l, \u00e9letm\u00f3dj\u00e1r\u00f3l, fegyvereir\u0151l, jurta ki\u00e1ll\u00edt\u00e1s, pal\u00e1nkv\u00e1r, avarok 7 pr\u00f3b\u00e1ja.<\/p>\n<p><em>A programot legal\u00e1bb 15 f\u0151 r\u00e9szv\u00e9tele eset\u00e9n tartjuk meg. A tov\u00e1bbi tart\u00f3zkod\u00e1s +500 Ft\/f\u0151<\/em><\/p>\n<p><strong>2, &#8222;V\u00e9gv\u00e1rak &#8222;: P\u00e1pa k\u00f6z\u00e9pkori \u00e9lete. <\/strong>\u00c1r: 2.300 Ft. \/ f\u0151 \/ 2,5 \u00f3ra.<\/p>\n<p>Betekint\u00e9s P\u00e1pa v\u00e1r\u00e1nak k\u00f6z\u00e9pkori \u00e9let\u00e9be. V\u00e9gv\u00e1ri harcok, t\u00f6r\u00f6k-magyar k\u00fczdelmek.\u00a0R\u00f6vid s\u00e9ta a K\u00f6zpont ter\u00fclet\u00e9n. A P\u00e1p\u00e1t k\u00f6r\u00fclvev\u0151 t\u00e9rs\u00e9g bemutat\u00e1sa, kil\u00e1t\u00f3 megtekint\u00e9se, a hegy \u00e1llat-, \u00e9s n\u00f6v\u00e9nyvil\u00e1ga, lovak megtekint\u00e9se, k\u00fcl\u00f6nleges t\u00f6rt\u00e9nelem \u00f3ra elm\u00e9leti \u00e9s gyakorlati el\u0151ad\u00e1s a v\u00e9gv\u00e1rak t\u00f6rt\u00e9nelm\u00e9r\u0151l, viseleteir\u0151l, \u00e9letm\u00f3dj\u00e1r\u00f3l, fegyvereir\u0151l, jurta ki\u00e1ll\u00edt\u00e1s, pal\u00e1nkv\u00e1r, apr\u00f3dok 7 pr\u00f3b\u00e1ja.<\/p>\n<p><em>A programot legal\u00e1bb 15 f\u0151 r\u00e9szv\u00e9tele eset\u00e9n tartjuk meg.\u00a0 A tov\u00e1bbi tart\u00f3zkod\u00e1s +500 Ft\/f\u0151<\/em><\/p>\n<p><strong>K\u00fcls\u0151 programok<br \/>\n<\/strong>Egyedi meg\u00e1llapod\u00e1s alapj\u00e1n.<\/p>\n<p><span style=\"color: #ff0000;\"><em>BEJELENTKEZ\u00c9S \u00a0a \u00a0+36209184266 T\u00f3th K\u00e1lm\u00e1nn\u00e1l ,vagy a hagyomanyokhegye@gmail.com-on\u00a0<\/em><\/span><\/p>\n<p><strong>Fontos szab\u00e1lyok a K\u00f6zpont haszn\u00e1lat\u00e1val kapcsolatban:<\/strong><\/p>\n<ol>\n<li>A ter\u00fcleten nagy test\u0171 vad \u00e9s h\u00e1zi \u00e1llatok is \u00e9lnek, ez\u00e9rt \u00e9s a vesz\u00e9lyes helyek miatt a kisgyermekeket fel\u00fcgyelet n\u00e9lk\u00fcl ne hagyj\u00e1k!<\/li>\n<li>Nagy figyelmet szentel\u00fcnk a term\u00e9szet meg\u0151rz\u00e9s\u00e9re, ez\u00e9rt k\u00e9rj\u00fck, semmit ne vigyen el, ami ide val\u00f3, \u00e9s semmit se hagyjon itt, ami nem ide val\u00f3! N\u00f6v\u00e9nyek, gy\u00f3gyn\u00f6v\u00e9nyek gy\u0171jt\u00e9s\u00e9re vonatkoz\u00f3 ig\u00e9ny\u00e9t, k\u00e9rj\u00fck, el\u0151re egyeztesse!<\/li>\n<li>A ter\u00fcletre kuty\u00e1t, macsk\u00e1t behozni TILOS! Ezt l\u00e1togat\u00e1sa el\u0151tt, k\u00e9rj\u00fck, vegye figyelembe!<\/li>\n<\/ol>\n","protected":false},"excerpt":{"rendered":"<p>A Hagyom\u00e1nyok Hegye T\u00f6rt\u00e9nelmi, N\u00e9prajzi \u00e9s Term\u00e9szetismereti K\u00f6zpont aj\u00e1nlatai csoportoknak. I.\u00a0\u00a0\u00a0A K\u00f6zpont megtekint\u00e9se: 1, A K\u00f6zpont megtekint\u00e9se vezet\u0151 n\u00e9lk\u00fcl. Feln\u0151tt: 600 Ft. \/ f\u0151 \/ megkezdett \u00f3ra. Gyermek, nyugd\u00edjas: 400 Ft. \/ f\u0151 \/ megkezdett \u00f3ra. II.\u00a0\u00a0\u00a0\u201eT\u00f6rt\u00e9nelem \u00fatj\u00e1n\u201d : 1, \u201eAvarok kora\u201d Kalandoz\u00e1s a honfoglal\u00e1s el\u0151tti K\u00e1rp\u00e1t medenc\u00e9be. \u00c1r: 2.300 Ft. \/ f\u0151 \/ 2,5 [&hellip;]<\/p>\n","protected":false},"author":2,"featured_media":0,"parent":0,"menu_order":2,"comment_status":"open","ping_status":"closed","template":"","meta":[],"_links":{"self":[{"href":"https:\/\/www.hagyomanyokhegye.hu\/index.php?rest_route=\/wp\/v2\/pages\/13"}],"collection":[{"href":"https:\/\/www.hagyomanyokhegye.hu\/index.php?rest_route=\/wp\/v2\/pages"}],"about":[{"href":"https:\/\/www.hagyomanyokhegye.hu\/index.php?rest_route=\/wp\/v2\/types\/page"}],"author":[{"embeddable":true,"href":"https:\/\/www.hagyomanyokhegye.hu\/index.php?rest_route=\/wp\/v2\/users\/2"}],"replies":[{"embeddable":true,"href":"https:\/\/www.hagyomanyokhegye.hu\/index.php?rest_route=%2Fwp%2Fv2%2Fcomments&post=13"}],"version-history":[{"count":21,"href":"https:\/\/www.hagyomanyokhegye.hu\/index.php?rest_route=\/wp\/v2\/pages\/13\/revisions"}],"predecessor-version":[{"id":1016,"href":"https:\/\/www.hagyomanyokhegye.hu\/index.php?rest_route=\/wp\/v2\/pages\/13\/revisions\/1016"}],"wp:attachment":[{"href":"https:\/\/www.hagyomanyokhegye.hu\/index.php?rest_route=%2Fwp%2Fv2%2Fmedia&parent=13"}],"curies":[{"name":"wp","href":"https:\/\/api.w.org\/{rel}","templated":true}]}}