{"id":128,"date":"2015-02-09T18:28:24","date_gmt":"2015-02-09T18:28:24","guid":{"rendered":"http:\/\/hagyhegy.bokodesign.hu\/?page_id=128"},"modified":"2015-03-08T20:03:05","modified_gmt":"2015-03-08T20:03:05","slug":"a-termeszet-utja","status":"publish","type":"page","link":"https:\/\/www.hagyomanyokhegye.hu\/?page_id=128","title":{"rendered":"A term\u00e9szet \u00fatja"},"content":{"rendered":"<h4 style=\"color: #000000;\"><\/h4>\n<h3>&#8222;Term\u00e9szet \u00f6sv\u00e9nye&#8221;<\/h3>\n<p style=\"color: #000000;\">A Term\u00e9szet \u00f6sv\u00e9nye a K\u00f6zpont k\u00fcl\u00f6nb\u00f6z\u0151 ter\u00fcletein kanyarogva ismertet\u0151 t\u00e1bl\u00e1kon mutatja be az itt \u00e9l\u0151, t\u00e1pl\u00e1lkoz\u00f3, vagy \u00e9ppen csak \u00e1tvonul\u00f3 \u00e9l\u0151l\u00e9nyeket.<\/p>\n<p style=\"color: #000000;\">Az ismertet\u0151 t\u00e1bl\u00e1k tavaszt\u00f3l-\u0151szig l\u00e1that\u00f3k a hegyen. K\u00e9r\u00e9sre vezet\u0151vel is v\u00e9gigj\u00e1rhat\u00f3 az \u00f6sv\u00e9ny, de \u00f6n\u00e1ll\u00f3an is haszn\u00e1lhat\u00f3 term\u00e9szetismereti \u00f3r\u00e1k gyakorlati kieg\u00e9sz\u00edt\u00e9sek\u00e9ppen.<\/p>\n<p style=\"color: #000000;\">N\u00f6v\u00e9nyek eset\u00e9ben k\u00fcl\u00f6n\u00f6sen nagy hangs\u00falyt fektet\u00fcnk a gy\u00f3gy-, \u00e9s f\u0171szern\u00f6v\u00e9nyek bemutat\u00e1s\u00e1ra, melyek k\u00f6z\u00fcl n\u00e9h\u00e1nyat gy\u00f3gyn\u00f6v\u00e9nykert\u00fcnkben termeszt\u00fcnk is. E kertet is \u00e9rinti a &#8222;Term\u00e9szet \u00f6sv\u00e9nye&#8221;, melynek n\u00f6v\u00e9nyeib\u0151l k\u00e9sz\u00fclnek azok a term\u00e9kek, melyeket a &#8222;Hagyom\u00e1nyok Hegye aj\u00e1nl\u00e1s\u00e1val&#8221; c\u00edmk\u00e9vel l\u00e1tunk el. A t\u00f6bb mint 8 hekt\u00e1ros ter\u00fclet gazdag n\u00f6v\u00e9nyvil\u00e1g\u00e1nak term\u00e9seib\u0151l egy\u00e9bk\u00e9nt sokf\u00e9le lekv\u00e1r, olaj, egy\u00e9b gy\u00f3gyhat\u00e1s\u00fa, vagy f\u0171szer k\u00e9sz\u00edtm\u00e9ny k\u00e9sz\u00fcl.<\/p>\n<h3 style=\"color: #000000;\">Mad\u00e1rbar\u00e1t hegy<\/h3>\n<p style=\"color: #000000;\">A Hagyom\u00e1nyok Hegye nem esik t\u00fal messze a v\u00e1rost\u00f3l ennek ellen\u00e9re a t\u00f6bb mint 8 hekt\u00e1ros ter\u00fcleten sz\u00e1mtalan mad\u00e1rfaj \u00e9l, t\u00e1pl\u00e1lkozik, vagy \u00e9ppen vonul \u00e1t. A nagy, egybef\u00fcgg\u0151 z\u00f6ld ter\u00fclet, a sz\u00e1mtalan f\u00e1val, bokros r\u00e9szekkel megfelel\u0151 t\u00e1pl\u00e1lkoz\u00f3, b\u00fav\u00f3, \u00e9s k\u00f6lt\u0151helyet biztos\u00edt a madaraknak.<\/p>\n<p style=\"color: #000000;\">Egyes\u00fclet\u00fcnk &#8211; ezt felismerve &#8211; 2012-ben elkezdte mad\u00e1rv\u00e9delmi berendez\u00e9sek telep\u00edt\u00e9s\u00e9t a ter\u00fcletre. Eddig egy nagy mad\u00e1retet\u0151, \u00e9s majd 40 darab k\u00fcl\u00f6nb\u00f6z\u0151 t\u00edpus\u00fa od\u00fa ker\u00fclt kihelyez\u00e9sre. Ezek sz\u00e1m\u00e1t mindenk\u00e9ppen b\u0151v\u00edteni k\u00edv\u00e1njuk, \u00e9s a tapasztalatokat a P\u00e1pa \u00e9s K\u00f6rny\u00e9ke Term\u00e9szetv\u00e9delmi Egyes\u00fclet madar\u00e1sz szakembereivel elemezz\u00fck ki.<\/p>\n<p style=\"color: #000000;\">Ezt a tev\u00e9kenys\u00e9get a helyi iskol\u00e1kkal kar\u00f6ltve szeretn\u00e9nk elv\u00e9gezni, ez\u00e9rt \u00f6r\u00f6mmel fogadjuk term\u00e9szetismereti szakk\u00f6r\u00f6k jelentkez\u00e9s\u00e9t.<\/p>\n<h3 style=\"color: #000000;\">A Hegy bora<\/h3>\n<p><span style=\"color: #000000;\">A Hegy bora versenyt az\u00e9rt ind\u00edtottuk el, hogy a k\u00f6rny\u00e9k bortermel\u0151inek kapcsolat\u00e1t er\u0151s\u00edts\u00fck, a fiatal bor\u00e1szokat pedig lelkes\u00edts\u00fck. A Hegy bora versenyt minden \u00e9vben megrendezz\u00fck &#8211; terveink szerint egyre sz\u00e9lesebb k\u00f6rben.<\/span><\/p>\n<style>    #bwg_container1_0 #bwg_container2_0 .bwg_standart_thumbnails_0 * {        -moz-box-sizing: border-box;        box-sizing: border-box;      }      #bwg_container1_0 #bwg_container2_0 .bwg_standart_thumb_spun1_0 {        -moz-box-sizing: content-box;        box-sizing: content-box;        background-color: #FFFFFF;        display: inline-block;        height: 90px;        margin: 4px;        padding: 0px;        opacity: 1.00;        filter: Alpha(opacity=100);        text-align: center;        vertical-align: middle;        transition: all 0.3s ease 0s;-webkit-transition: all 0.3s ease 0s;        width: 180px;        z-index: 100;      }      #bwg_container1_0 #bwg_container2_0 .bwg_standart_thumb_spun1_0:hover {        -ms-transform: scale(1.1);        -webkit-transform: scale(1.1);        backface-visibility: hidden;        -webkit-backface-visibility: hidden;        -moz-backface-visibility: hidden;        -ms-backface-visibility: hidden;        opacity: 1;        filter: Alpha(opacity=100);        transform: scale(1.1);        z-index: 102;        position: relative;      }      #bwg_container1_0 #bwg_container2_0 .bwg_standart_thumb_spun2_0 {        border: 0px none #CCCCCC;        border-radius: 0;        box-shadow: 0px 0px 0px #888888;        display: inline-block;        height: 90px;        overflow: hidden;        width: 180px;      }      #bwg_container1_0 #bwg_container2_0 .bwg_standart_thumbnails_0 {        background-color: rgba(255, 255, 255, 0.00);        display: inline-block;        font-size: 0;        max-width: 960px;        text-align: center;      }      #bwg_container1_0 #bwg_container2_0 .bwg_standart_thumb_0 {        display: inline-block;        text-align: center;      }            #bwg_container1_0 #bwg_container2_0 .bwg_standart_thumb_spun1_0:hover .bwg_title_spun1_0 {        left: 0px;        top: 0px;        opacity: 1;        filter: Alpha(opacity=100);      }      #bwg_container1_0 #bwg_container2_0 .bwg_title_spun2_0 {        color: #CCCCCC;        display: table-cell;        font-family: segoe ui;        font-size: 16px;        font-weight: bold;        height: inherit;        padding: 2px;        text-shadow: 0px 0px 0px #888888;        vertical-align: middle;        width: inherit;        word-wrap: break-word;      }      \/*pagination styles*\/      #bwg_container1_0 #bwg_container2_0 .tablenav-pages_0 {        text-align: center;        font-size: 12px;        font-family: segoe ui;        font-weight: bold;        color: #666666;        margin: 6px 0 4px;        display: block;        height: 30px;        line-height: 30px;      }      @media only screen and (max-width : 320px) {        #bwg_container1_0 #bwg_container2_0 .displaying-num_0 {          display: none;        }      }      #bwg_container1_0 #bwg_container2_0 .displaying-num_0 {        font-size: 12px;        font-family: segoe ui;        font-weight: bold;        color: #666666;        margin-right: 10px;        vertical-align: middle;      }      #bwg_container1_0 #bwg_container2_0 .paging-input_0 {        font-size: 12px;        font-family: segoe ui;        font-weight: bold;        color: #666666;        vertical-align: middle;      }      #bwg_container1_0 #bwg_container2_0 .tablenav-pages_0 a.disabled,      #bwg_container1_0 #bwg_container2_0 .tablenav-pages_0 a.disabled:hover,      #bwg_container1_0 #bwg_container2_0 .tablenav-pages_0 a.disabled:focus {        cursor: default;        color: rgba(102, 102, 102, 0.5);      }      #bwg_container1_0 #bwg_container2_0 .tablenav-pages_0 a {        cursor: pointer;        font-size: 12px;      font-family: segoe ui;        font-weight: bold;        color: #666666;        text-decoration: none;        padding: 3px 6px;        margin: 0;        border-radius: 0;        border-style: solid;        border-width: 1px;        border-color: #E3E3E3;        background-color: #FFFFFF;        opacity: 1.00;        filter: Alpha(opacity=100);        box-shadow: 0;        transition: all 0.3s ease 0s;-webkit-transition: all 0.3s ease 0s;      }      #bwg_container1_0 #bwg_container2_0 .bwg_back_0 {        background-color: rgba(0, 0, 0, 0);        color: #000000 !important;        cursor: pointer;        display: block;      font-family: segoe ui;        font-size: 16px;        font-weight: bold;        text-decoration: none;        padding: 0;      }      #bwg_container1_0 #bwg_container2_0 #spider_popup_overlay_0 {        background-color: #000000;        opacity: 0.70;        filter: Alpha(opacity=70);      }     .bwg_play_icon_spun_0 {        width: inherit;        height: inherit;        display: table;        position: absolute;      }\t      .bwg_play_icon_0 {        color: #CCCCCC;        font-size: 32px;        vertical-align: middle;        display: table-cell !important;        z-index: 1;        text-align: center;        margin: 0 auto;      }      #bwg_container1_0 #bwg_container2_0 .bwg_gal_title_0 {      background-color: rgba(0, 0, 0, 0);      color: #CCCCCC;      display: block;      font-family: segoe ui;      font-size: 16px;      font-weight: bold;      padding: 2px;      text-shadow: 0px 0px 0px #888888;      text-align: center;    }    <\/style>    <div id=\"bwg_container1_0\">      <div id=\"bwg_container2_0\">        <form id=\"gal_front_form_0\" method=\"post\" action=\"#\" data-current=\"0\">                    <div style=\"background-color:rgba(0, 0, 0, 0); text-align: center; width:100%; position: relative;\">            <div id=\"ajax_loading_0\" style=\"position:absolute;width: 100%; z-index: 115; text-align: center; height: 100%; vertical-align: middle; display:none;\">              <div style=\"display: table; vertical-align: middle; width: 100%; height: 100%; background-color: #FFFFFF; opacity: 0.7; filter: Alpha(opacity=70);\">                <div style=\"display: table-cell; text-align: center; position: relative; vertical-align: middle;\" >                  <div id=\"loading_div_0\" class=\"bwg_spider_ajax_loading\" style=\"display: inline-block; text-align:center; position:relative; vertical-align:middle; background-image:url(https:\/\/www.hagyomanyokhegye.hu\/wp-content\/plugins\/photo-gallery\/images\/ajax_loader.gif); float: none; width:30px;height:30px;background-size:30px 30px;\">                  <\/div>                <\/div>              <\/div>            <\/div>                        <div id=\"bwg_standart_thumbnails_0\" class=\"bwg_standart_thumbnails_0\">                              <a  class=\"bwg_lightbox_0\" href=\"https:\/\/www.hagyomanyokhegye.hu\/wp-content\/uploads\/photo-gallery\/A hegy bora\/img_9719.jpg\" data-image-id=\"11\">                  <span class=\"bwg_standart_thumb_0\">                                        <span class=\"bwg_standart_thumb_spun1_0\">                      <span class=\"bwg_standart_thumb_spun2_0\">                                                <img class=\"bwg_standart_thumb_img_0 bwg_img_clear bwg_img_custom\" style=\"width:180px; height:120px; margin-left: 0px; margin-top: -15px;\" id=\"11\" src=\"https:\/\/www.hagyomanyokhegye.hu\/wp-content\/uploads\/photo-gallery\/A hegy bora\/thumb\/img_9719.jpg\" alt=\"img_9719\" \/>                      <\/span>                    <\/span>                                      <\/span>                <\/a>                                <a  class=\"bwg_lightbox_0\" href=\"https:\/\/www.hagyomanyokhegye.hu\/wp-content\/uploads\/photo-gallery\/A hegy bora\/img_9717.jpg\" data-image-id=\"10\">                  <span class=\"bwg_standart_thumb_0\">                                        <span class=\"bwg_standart_thumb_spun1_0\">                      <span class=\"bwg_standart_thumb_spun2_0\">                                                <img class=\"bwg_standart_thumb_img_0 bwg_img_clear bwg_img_custom\" style=\"width:180px; height:100.8px; margin-left: 0px; margin-top: -5.4px;\" id=\"10\" src=\"https:\/\/www.hagyomanyokhegye.hu\/wp-content\/uploads\/photo-gallery\/A hegy bora\/thumb\/img_9717.jpg\" alt=\"img_9717\" \/>                      <\/span>                    <\/span>                                      <\/span>                <\/a>                                <a  class=\"bwg_lightbox_0\" href=\"https:\/\/www.hagyomanyokhegye.hu\/wp-content\/uploads\/photo-gallery\/A hegy bora\/img_9708.jpg\" data-image-id=\"9\">                  <span class=\"bwg_standart_thumb_0\">                                        <span class=\"bwg_standart_thumb_spun1_0\">                      <span class=\"bwg_standart_thumb_spun2_0\">                                                <img class=\"bwg_standart_thumb_img_0 bwg_img_clear bwg_img_custom\" style=\"width:180px; height:135px; margin-left: 0px; margin-top: -22.5px;\" id=\"9\" src=\"https:\/\/www.hagyomanyokhegye.hu\/wp-content\/uploads\/photo-gallery\/A hegy bora\/thumb\/img_9708.jpg\" alt=\"img_9708\" \/>                      <\/span>                    <\/span>                                      <\/span>                <\/a>                                <a  class=\"bwg_lightbox_0\" href=\"https:\/\/www.hagyomanyokhegye.hu\/wp-content\/uploads\/photo-gallery\/A hegy bora\/img_9703.jpg\" data-image-id=\"8\">                  <span class=\"bwg_standart_thumb_0\">                                        <span class=\"bwg_standart_thumb_spun1_0\">                      <span class=\"bwg_standart_thumb_spun2_0\">                                                <img class=\"bwg_standart_thumb_img_0 bwg_img_clear bwg_img_custom\" style=\"width:180px; height:240px; margin-left: 0px; margin-top: -75px;\" id=\"8\" src=\"https:\/\/www.hagyomanyokhegye.hu\/wp-content\/uploads\/photo-gallery\/A hegy bora\/thumb\/img_9703.jpg\" alt=\"img_9703\" \/>                      <\/span>                    <\/span>                                      <\/span>                <\/a>                                <a  class=\"bwg_lightbox_0\" href=\"https:\/\/www.hagyomanyokhegye.hu\/wp-content\/uploads\/photo-gallery\/A hegy bora\/img_9701.jpg\" data-image-id=\"7\">                  <span class=\"bwg_standart_thumb_0\">                                        <span class=\"bwg_standart_thumb_spun1_0\">                      <span class=\"bwg_standart_thumb_spun2_0\">                                                <img class=\"bwg_standart_thumb_img_0 bwg_img_clear bwg_img_custom\" style=\"width:180px; height:135px; margin-left: 0px; margin-top: -22.5px;\" id=\"7\" src=\"https:\/\/www.hagyomanyokhegye.hu\/wp-content\/uploads\/photo-gallery\/A hegy bora\/thumb\/img_9701.jpg\" alt=\"img_9701\" \/>                      <\/span>                    <\/span>                                      <\/span>                <\/a>                                <a  class=\"bwg_lightbox_0\" href=\"https:\/\/www.hagyomanyokhegye.hu\/wp-content\/uploads\/photo-gallery\/A hegy bora\/img_9697.jpg\" data-image-id=\"6\">                  <span class=\"bwg_standart_thumb_0\">                                        <span class=\"bwg_standart_thumb_spun1_0\">                      <span class=\"bwg_standart_thumb_spun2_0\">                                                <img class=\"bwg_standart_thumb_img_0 bwg_img_clear bwg_img_custom\" style=\"width:180px; height:135px; margin-left: 0px; margin-top: -22.5px;\" id=\"6\" src=\"https:\/\/www.hagyomanyokhegye.hu\/wp-content\/uploads\/photo-gallery\/A hegy bora\/thumb\/img_9697.jpg\" alt=\"img_9697\" \/>                      <\/span>                    <\/span>                                      <\/span>                <\/a>                            <\/div>                <span class=\"bwg_nav_cont_0\">        <div class=\"tablenav-pages_0\">            <span class=\"pagination-links_0\">        <a class=\"first-page disabled\" title=\"Ugr\u00e1s az els\u0151 oldalra\">\u00ab<\/a>        <a class=\"prev-page disabled\" title=\"Ugr\u00e1s az el\u0151z\u0151 oldalra\" >\u2039<\/a>        <span class=\"paging-input_0\">          <span class=\"total-pages_0\">1<\/span> A <span class=\"total-pages_0\">            2          <\/span>        <\/span>        <a class=\"next-page-0\" title=\"Ugr\u00e1s a k\u00f6vetkez\u0151 oldalra\" href=\"\/index.php?rest_route=%2Fwp%2Fv2%2Fpages%2F128&#038;page_number_0=2\">\u203a<\/a>        <a class=\"last-page-0\" title=\"Menj az utols\u00f3 oldalra\">\u00bb<\/a>      <\/span>          <\/div>          <input type=\"hidden\" id=\"page_number_0\" name=\"page_number_0\" value=\"1\" \/>    <script type=\"text\/javascript\">      function spider_page_0(cur, x, y, load_more) {        if (typeof load_more == \"undefined\") {          var load_more = false;        }        if (jQuery(cur).hasClass('disabled')) {          return false;        }        var items_county_0 = 2;        switch (y) {          case 1:            if (x >= items_county_0) {              document.getElementById('page_number_0').value = items_county_0;            }            else {              document.getElementById('page_number_0').value = x + 1;            }            break;          case 2:            document.getElementById('page_number_0').value = items_county_0;            break;          case -1:            if (x == 1) {              document.getElementById('page_number_0').value = 1;            }            else {              document.getElementById('page_number_0').value = x - 1;            }            break;          case -2:            document.getElementById('page_number_0').value = 1;            break;          default:            document.getElementById('page_number_0').value = 1;        }        spider_frontend_ajax('gal_front_form_0', '0', 'bwg_standart_thumbnails_0', '0', '', 'album', 0, '', '', load_more);      }      jQuery('.first-page disabled').on('click', function() {        spider_page_0(this, 1, -2);      });      jQuery('.prev-page disabled').on('click', function() {        spider_page_0(this, 1, -1);        return false;      });      jQuery('.next-page-0').on('click', function() {        spider_page_0(this, 1, 1);        return false;      });      jQuery('.last-page-0').on('click', function() {        spider_page_0(this, 1, 2);      });      jQuery('.bwg_load_btn_0').on('click', function() {        spider_page_0(this, 1, 1, true);        return false;      });    <\/script>    <\/span>              <\/div>        <\/form>        <div id=\"bwg_spider_popup_loading_0\" class=\"bwg_spider_popup_loading\"><\/div>        <div id=\"spider_popup_overlay_0\" class=\"spider_popup_overlay\" onclick=\"spider_destroypopup(1000)\"><\/div>      <\/div>    <\/div>    <script>            function bwg_gallery_box_0(image_id) {        var filterTags = jQuery(\"#bwg_tags_id_bwg_standart_thumbnails_0\" ).val() ? jQuery(\"#bwg_tags_id_bwg_standart_thumbnails_0\" ).val() : 0;        var filtersearchname = jQuery(\"#bwg_search_input_0\" ).val() ? \"&filter_search_name_0=\" + jQuery(\"#bwg_search_input_0\" ).val() : '';        spider_createpopup('https:\/\/www.hagyomanyokhegye.hu\/wp-admin\/admin-ajax.php?action=GalleryBox&tags=0&current_view=0&gallery_id=1&theme_id=1&thumb_width=180&thumb_height=90&open_with_fullscreen=0&open_with_autoplay=0&image_width=800&image_height=500&image_effect=fade&wd_sor=order&wd_ord=asc&enable_image_filmstrip=1&image_filmstrip_height=70&enable_image_ctrl_btn=1&enable_image_fullscreen=1&popup_enable_info=1&popup_info_always_show=0&popup_info_full_width=0&popup_hit_counter=0&popup_enable_rate=0&slideshow_interval=5&enable_comment_social=1&enable_image_facebook=1&enable_image_twitter=1&enable_image_google=1&enable_image_pinterest=0&enable_image_tumblr=0&watermark_type=none&slideshow_effect_duration=1&image_id=' + image_id + \"&filter_tag_0=\" +  filterTags + filtersearchname, '0', '800', '500', 1, 'testpopup', 5, \"bottom\");      }      function bwg_document_ready_0() {        var bwg_touch_flag = false;        jQuery(\".bwg_lightbox_0\").on(\"click\", function () {          if (!bwg_touch_flag) {            bwg_touch_flag = true;            setTimeout(function(){ bwg_touch_flag = false; }, 100);            bwg_gallery_box_0(jQuery(this).attr(\"data-image-id\"));            return false;          }        });               }      jQuery(document).ready(function () {        bwg_document_ready_0();      });    <\/script>    \n<p>&nbsp;<\/p>\n","protected":false},"excerpt":{"rendered":"<p>&#8222;Term\u00e9szet \u00f6sv\u00e9nye&#8221; A Term\u00e9szet \u00f6sv\u00e9nye a K\u00f6zpont k\u00fcl\u00f6nb\u00f6z\u0151 ter\u00fcletein kanyarogva ismertet\u0151 t\u00e1bl\u00e1kon mutatja be az itt \u00e9l\u0151, t\u00e1pl\u00e1lkoz\u00f3, vagy \u00e9ppen csak \u00e1tvonul\u00f3 \u00e9l\u0151l\u00e9nyeket. Az ismertet\u0151 t\u00e1bl\u00e1k tavaszt\u00f3l-\u0151szig l\u00e1that\u00f3k a hegyen. K\u00e9r\u00e9sre vezet\u0151vel is v\u00e9gigj\u00e1rhat\u00f3 az \u00f6sv\u00e9ny, de \u00f6n\u00e1ll\u00f3an is haszn\u00e1lhat\u00f3 term\u00e9szetismereti \u00f3r\u00e1k gyakorlati kieg\u00e9sz\u00edt\u00e9sek\u00e9ppen. N\u00f6v\u00e9nyek eset\u00e9ben k\u00fcl\u00f6n\u00f6sen nagy hangs\u00falyt fektet\u00fcnk a gy\u00f3gy-, \u00e9s f\u0171szern\u00f6v\u00e9nyek bemutat\u00e1s\u00e1ra, [&hellip;]<\/p>\n","protected":false},"author":2,"featured_media":0,"parent":122,"menu_order":0,"comment_status":"open","ping_status":"open","template":"","meta":[],"_links":{"self":[{"href":"https:\/\/www.hagyomanyokhegye.hu\/index.php?rest_route=\/wp\/v2\/pages\/128"}],"collection":[{"href":"https:\/\/www.hagyomanyokhegye.hu\/index.php?rest_route=\/wp\/v2\/pages"}],"about":[{"href":"https:\/\/www.hagyomanyokhegye.hu\/index.php?rest_route=\/wp\/v2\/types\/page"}],"author":[{"embeddable":true,"href":"https:\/\/www.hagyomanyokhegye.hu\/index.php?rest_route=\/wp\/v2\/users\/2"}],"replies":[{"embeddable":true,"href":"https:\/\/www.hagyomanyokhegye.hu\/index.php?rest_route=%2Fwp%2Fv2%2Fcomments&post=128"}],"version-history":[{"count":2,"href":"https:\/\/www.hagyomanyokhegye.hu\/index.php?rest_route=\/wp\/v2\/pages\/128\/revisions"}],"predecessor-version":[{"id":385,"href":"https:\/\/www.hagyomanyokhegye.hu\/index.php?rest_route=\/wp\/v2\/pages\/128\/revisions\/385"}],"up":[{"embeddable":true,"href":"https:\/\/www.hagyomanyokhegye.hu\/index.php?rest_route=\/wp\/v2\/pages\/122"}],"wp:attachment":[{"href":"https:\/\/www.hagyomanyokhegye.hu\/index.php?rest_route=%2Fwp%2Fv2%2Fmedia&parent=128"}],"curies":[{"name":"wp","href":"https:\/\/api.w.org\/{rel}","templated":true}]}}