{"id":124,"date":"2015-02-09T14:21:06","date_gmt":"2015-02-09T14:21:06","guid":{"rendered":"http:\/\/hagyhegy.bokodesign.hu\/?page_id=124"},"modified":"2020-06-10T10:03:15","modified_gmt":"2020-06-10T08:03:15","slug":"esemenynaptar","status":"publish","type":"page","link":"https:\/\/www.hagyomanyokhegye.hu\/?page_id=124","title":{"rendered":"Programok"},"content":{"rendered":"<p><strong>2020. \u00e9vi programjaink:<\/strong><\/p>\n<p><b>Az idei \u00e9vben &#8211; a kialakult helyzetre tekintettel &#8211; nyilv\u00e1nos programot nem rendez\u00fcnk. A Kil\u00e1t\u00f3 l\u00e1togathat\u00f3 (l\u00e1sd. kezd\u0151oldal!)<\/b><\/p>\n","protected":false},"excerpt":{"rendered":"<p>2020. \u00e9vi programjaink: Az idei \u00e9vben &#8211; a kialakult helyzetre tekintettel &#8211; nyilv\u00e1nos programot nem rendez\u00fcnk. A Kil\u00e1t\u00f3 l\u00e1togathat\u00f3 (l\u00e1sd. kezd\u0151oldal!)<\/p>\n","protected":false},"author":2,"featured_media":0,"parent":0,"menu_order":3,"comment_status":"open","ping_status":"closed","template":"","meta":[],"_links":{"self":[{"href":"https:\/\/www.hagyomanyokhegye.hu\/index.php?rest_route=\/wp\/v2\/pages\/124"}],"collection":[{"href":"https:\/\/www.hagyomanyokhegye.hu\/index.php?rest_route=\/wp\/v2\/pages"}],"about":[{"href":"https:\/\/www.hagyomanyokhegye.hu\/index.php?rest_route=\/wp\/v2\/types\/page"}],"author":[{"embeddable":true,"href":"https:\/\/www.hagyomanyokhegye.hu\/index.php?rest_route=\/wp\/v2\/users\/2"}],"replies":[{"embeddable":true,"href":"https:\/\/www.hagyomanyokhegye.hu\/index.php?rest_route=%2Fwp%2Fv2%2Fcomments&post=124"}],"version-history":[{"count":10,"href":"https:\/\/www.hagyomanyokhegye.hu\/index.php?rest_route=\/wp\/v2\/pages\/124\/revisions"}],"predecessor-version":[{"id":748,"href":"https:\/\/www.hagyomanyokhegye.hu\/index.php?rest_route=\/wp\/v2\/pages\/124\/revisions\/748"}],"wp:attachment":[{"href":"https:\/\/www.hagyomanyokhegye.hu\/index.php?rest_route=%2Fwp%2Fv2%2Fmedia&parent=124"}],"curies":[{"name":"wp","href":"https:\/\/api.w.org\/{rel}","templated":true}]}}